{"id":36653,"date":"2024-03-08T14:08:05","date_gmt":"2024-03-08T13:08:05","guid":{"rendered":"https:\/\/www.aegide-international.com\/?page_id=36653"},"modified":"2025-01-22T09:31:40","modified_gmt":"2025-01-22T08:31:40","slug":"blog","status":"publish","type":"page","link":"https:\/\/www.aegide-international.com\/en_gb\/blog\/","title":{"rendered":"Blog"},"content":{"rendered":"<div data-elementor-type=\"wp-page\" data-elementor-id=\"36653\" class=\"elementor elementor-36653\" data-elementor-post-type=\"page\">\n\t\t\t\t<div class=\"elementor-element elementor-element-544938b e-flex e-con-boxed wpr-particle-no wpr-column-slider-no wpr-equal-height-no e-con e-parent\" data-id=\"544938b\" data-element_type=\"container\" data-e-type=\"container\" data-settings=\"{&quot;background_background&quot;:&quot;classic&quot;}\">\n\t\t\t\t\t<div class=\"e-con-inner\">\n\t\t<div class=\"elementor-element elementor-element-a15cc74 e-con-full e-flex wpr-particle-no wpr-column-slider-no wpr-equal-height-no e-con e-child\" data-id=\"a15cc74\" data-element_type=\"container\" data-e-type=\"container\">\n\t\t\t\t<div class=\"elementor-element elementor-element-b142341 elementor-widget elementor-widget-text-editor\" data-id=\"b142341\" data-element_type=\"widget\" data-e-type=\"widget\" data-widget_type=\"text-editor.default\">\n\t\t\t\t<div class=\"elementor-widget-container\">\n\t\t\t\t\t\t\t\t\t<p>NEWS<\/p>\t\t\t\t\t\t\t\t<\/div>\n\t\t\t\t<\/div>\n\t\t\t\t<div class=\"elementor-element elementor-element-69dd99f elementor-widget elementor-widget-heading\" data-id=\"69dd99f\" data-element_type=\"widget\" data-e-type=\"widget\" data-settings=\"{&quot;_animation&quot;:&quot;none&quot;}\" data-widget_type=\"heading.default\">\n\t\t\t\t<div class=\"elementor-widget-container\">\n\t\t\t\t\t<h1 class=\"elementor-heading-title elementor-size-default\">Blog<\/h1>\t\t\t\t<\/div>\n\t\t\t\t<\/div>\n\t\t\t\t<div class=\"elementor-element elementor-element-bec325e elementor-widget__width-initial elementor-widget elementor-widget-text-editor\" data-id=\"bec325e\" data-element_type=\"widget\" data-e-type=\"widget\" data-settings=\"{&quot;_animation&quot;:&quot;none&quot;}\" data-widget_type=\"text-editor.default\">\n\t\t\t\t<div class=\"elementor-widget-container\">\n\t\t\t\t\t\t\t\t\t<p>Follow our latest news, analysis, thoughts and service presentations.<\/p>\t\t\t\t\t\t\t\t<\/div>\n\t\t\t\t<\/div>\n\t\t\t\t<\/div>\n\t\t\t\t\t<\/div>\n\t\t\t\t<\/div>\n\t\t<div class=\"elementor-element elementor-element-0b79eb5 e-con-full e-flex wpr-particle-no wpr-column-slider-no wpr-equal-height-no e-con e-parent\" data-id=\"0b79eb5\" data-element_type=\"container\" data-e-type=\"container\">\n\t\t<div class=\"elementor-element elementor-element-bac53e9 e-con-full e-flex wpr-particle-no wpr-column-slider-no wpr-equal-height-no e-con e-child\" data-id=\"bac53e9\" data-element_type=\"container\" data-e-type=\"container\" data-settings=\"{&quot;background_background&quot;:&quot;gradient&quot;}\">\n\t\t\t\t<\/div>\n\t\t<div class=\"elementor-element elementor-element-924d4be e-flex e-con-boxed wpr-particle-no wpr-column-slider-no wpr-equal-height-no e-con e-child\" data-id=\"924d4be\" data-element_type=\"container\" data-e-type=\"container\">\n\t\t\t\t\t<div class=\"e-con-inner\">\n\t\t\t\t\t<\/div>\n\t\t\t\t<\/div>\n\t\t\t\t<\/div>\n\t\t<div class=\"elementor-element elementor-element-f3096fd e-flex e-con-boxed wpr-particle-no wpr-column-slider-no wpr-equal-height-no e-con e-parent\" data-id=\"f3096fd\" data-element_type=\"container\" data-e-type=\"container\">\n\t\t\t\t\t<div class=\"e-con-inner\">\n\t\t<div class=\"elementor-element elementor-element-2416adf e-flex e-con-boxed wpr-particle-no wpr-column-slider-no wpr-equal-height-no e-con e-child\" data-id=\"2416adf\" data-element_type=\"container\" data-e-type=\"container\">\n\t\t\t\t\t<div class=\"e-con-inner\">\n\t\t<div class=\"elementor-element elementor-element-fd4f09a e-flex e-con-boxed wpr-particle-no wpr-column-slider-no wpr-equal-height-no e-con e-child\" data-id=\"fd4f09a\" data-element_type=\"container\" data-e-type=\"container\">\n\t\t\t\t\t<div class=\"e-con-inner\">\n\t\t\t\t<div class=\"elementor-element elementor-element-e00e9f5 elementor-widget__width-inherit elementor-widget elementor-widget-heading\" data-id=\"e00e9f5\" data-element_type=\"widget\" data-e-type=\"widget\" data-widget_type=\"heading.default\">\n\t\t\t\t<div class=\"elementor-widget-container\">\n\t\t\t\t\t<p class=\"elementor-heading-title elementor-size-default\">Blog<\/p>\t\t\t\t<\/div>\n\t\t\t\t<\/div>\n\t\t\t\t<div class=\"elementor-element elementor-element-cd681fb elementor-widget elementor-widget-heading\" data-id=\"cd681fb\" data-element_type=\"widget\" data-e-type=\"widget\" data-widget_type=\"heading.default\">\n\t\t\t\t<div class=\"elementor-widget-container\">\n\t\t\t\t\t<h2 class=\"elementor-heading-title elementor-size-default\">Our articles<\/h2>\t\t\t\t<\/div>\n\t\t\t\t<\/div>\n\t\t\t\t\t<\/div>\n\t\t\t\t<\/div>\n\t\t<div class=\"elementor-element elementor-element-995c0e6 elementor-hidden-mobile e-flex e-con-boxed wpr-particle-no wpr-column-slider-no wpr-equal-height-no e-con e-child\" data-id=\"995c0e6\" data-element_type=\"container\" data-e-type=\"container\">\n\t\t\t\t\t<div class=\"e-con-inner\">\n\t\t\t\t\t<\/div>\n\t\t\t\t<\/div>\n\t\t\t\t\t<\/div>\n\t\t\t\t<\/div>\n\t\t\t\t\t<\/div>\n\t\t\t\t<\/div>\n\t\t<div class=\"elementor-element elementor-element-b1d1924 e-flex e-con-boxed wpr-particle-no wpr-column-slider-no wpr-equal-height-no e-con e-parent\" data-id=\"b1d1924\" data-element_type=\"container\" data-e-type=\"container\">\n\t\t\t\t\t<div class=\"e-con-inner\">\n\t\t\t\t<div class=\"elementor-element elementor-element-35e2adf elementor-grid-3 elementor-grid-tablet-2 elementor-grid-mobile-1 elementor-posts--thumbnail-top elementor-card-shadow-yes elementor-posts__hover-gradient elementor-widget elementor-widget-posts\" data-id=\"35e2adf\" data-element_type=\"widget\" data-e-type=\"widget\" data-settings=\"{&quot;pagination_type&quot;:&quot;numbers&quot;,&quot;cards_columns&quot;:&quot;3&quot;,&quot;cards_columns_tablet&quot;:&quot;2&quot;,&quot;cards_columns_mobile&quot;:&quot;1&quot;,&quot;cards_row_gap&quot;:{&quot;unit&quot;:&quot;px&quot;,&quot;size&quot;:35,&quot;sizes&quot;:[]},&quot;cards_row_gap_tablet&quot;:{&quot;unit&quot;:&quot;px&quot;,&quot;size&quot;:&quot;&quot;,&quot;sizes&quot;:[]},&quot;cards_row_gap_mobile&quot;:{&quot;unit&quot;:&quot;px&quot;,&quot;size&quot;:&quot;&quot;,&quot;sizes&quot;:[]}}\" data-widget_type=\"posts.cards\">\n\t\t\t\t<div class=\"elementor-widget-container\">\n\t\t\t\t\t\t\t<div class=\"elementor-posts-container elementor-posts elementor-posts--skin-cards elementor-grid\" role=\"list\">\n\t\t\t\t<article class=\"elementor-post elementor-grid-item post-38491 post type-post status-publish format-standard has-post-thumbnail hentry category-news\" role=\"listitem\">\n\t\t\t<div class=\"elementor-post__card\">\n\t\t\t\t<a class=\"elementor-post__thumbnail__link\" href=\"https:\/\/www.aegide-international.com\/en_gb\/culture-securite-livre-blanc-des-regles-dor-fait-pour-vous\/\" tabindex=\"-1\" ><div class=\"elementor-post__thumbnail\"><img fetchpriority=\"high\" decoding=\"async\" width=\"300\" height=\"175\" src=\"https:\/\/www.aegide-international.com\/wp-content\/uploads\/2025\/12\/Rules-300x175.jpg\" class=\"attachment-medium size-medium wp-image-38493\" alt=\"\" srcset=\"https:\/\/www.aegide-international.com\/wp-content\/uploads\/2025\/12\/Rules-300x175.jpg 300w, https:\/\/www.aegide-international.com\/wp-content\/uploads\/2025\/12\/Rules-768x448.jpg 768w, https:\/\/www.aegide-international.com\/wp-content\/uploads\/2025\/12\/Rules-18x12.jpg 18w, https:\/\/www.aegide-international.com\/wp-content\/uploads\/2025\/12\/Rules.jpg 889w\" sizes=\"(max-width: 300px) 100vw, 300px\" \/><\/div><\/a>\n\t\t\t\t<div class=\"elementor-post__text\">\n\t\t\t\t<h3 class=\"elementor-post__title\">\n\t\t\t<a href=\"https:\/\/www.aegide-international.com\/en_gb\/culture-securite-livre-blanc-des-regles-dor-fait-pour-vous\/\" >\n\t\t\t\tCulture s\u00e9curit\u00e9 : Livre blanc des r\u00e8gles d&rsquo;or fait pour vous !\t\t\t<\/a>\n\t\t<\/h3>\n\t\t\t\t<div class=\"elementor-post__excerpt\">\n\t\t\t<p>D\u00e9couvrez comment deux entreprises ont r\u00e9ussi \u00e0 incarner une culture s\u00e9curit\u00e9 en impliquant tous leurs collaborateurs en utilisant d&rsquo;un outil participatif et pragmatique.<\/p>\t\t<\/div>\n\t\t\n\t\t<a class=\"elementor-post__read-more\" href=\"https:\/\/www.aegide-international.com\/en_gb\/culture-securite-livre-blanc-des-regles-dor-fait-pour-vous\/\" aria-label=\"Read more about Culture s\u00e9curit\u00e9 : Livre blanc des r\u00e8gles d&rsquo;or fait pour vous !\" tabindex=\"-1\" >\n\t\t\tREAD MORE &gt;&gt;\t\t<\/a>\n\n\t\t\t\t<\/div>\n\t\t\t\t<div class=\"elementor-post__meta-data\">\n\t\t\t\t\t<span class=\"elementor-post-date\">\n\t\t\tDecember 4, 2025\t\t<\/span>\n\t\t\t\t<\/div>\n\t\t\t\t\t<\/div>\n\t\t<\/article>\n\t\t\t\t<article class=\"elementor-post elementor-grid-item post-38233 post type-post status-publish format-standard has-post-thumbnail hentry category-news\" role=\"listitem\">\n\t\t\t<div class=\"elementor-post__card\">\n\t\t\t\t<a class=\"elementor-post__thumbnail__link\" href=\"https:\/\/www.aegide-international.com\/en_gb\/petits-gestes-grande-culture-ou-comment-batir-une-culture-de-la-gestion-securite-engageante\/\" tabindex=\"-1\" ><div class=\"elementor-post__thumbnail\"><img decoding=\"async\" width=\"300\" height=\"169\" src=\"https:\/\/www.aegide-international.com\/wp-content\/uploads\/2024\/02\/iStock-1290244410-scaled-1-300x169.webp\" class=\"attachment-medium size-medium wp-image-36556\" alt=\"\" srcset=\"https:\/\/www.aegide-international.com\/wp-content\/uploads\/2024\/02\/iStock-1290244410-scaled-1-300x169.webp 300w, https:\/\/www.aegide-international.com\/wp-content\/uploads\/2024\/02\/iStock-1290244410-scaled-1-768x432.webp 768w, https:\/\/www.aegide-international.com\/wp-content\/uploads\/2024\/02\/iStock-1290244410-scaled-1-18x10.webp 18w, https:\/\/www.aegide-international.com\/wp-content\/uploads\/2024\/02\/iStock-1290244410-scaled-1-jpg.webp 1000w\" sizes=\"(max-width: 300px) 100vw, 300px\" \/><\/div><\/a>\n\t\t\t\t<div class=\"elementor-post__text\">\n\t\t\t\t<h3 class=\"elementor-post__title\">\n\t\t\t<a href=\"https:\/\/www.aegide-international.com\/en_gb\/petits-gestes-grande-culture-ou-comment-batir-une-culture-de-la-gestion-securite-engageante\/\" >\n\t\t\t\tPetits gestes, grande culture\u00a0ou comment b\u00e2tir une culture de la gestion\u00a0s\u00e9curit\u00e9 engageante ?\t\t\t<\/a>\n\t\t<\/h3>\n\t\t\t\t<div class=\"elementor-post__excerpt\">\n\t\t\t<p>Vision, comportement ou encore r\u00f4le de l&rsquo;organisme, comment la gestion de la s\u00e9curit\u00e9 en entreprise doit \u00eatre abord\u00e9 en 2026 ? <\/p>\t\t<\/div>\n\t\t\n\t\t<a class=\"elementor-post__read-more\" href=\"https:\/\/www.aegide-international.com\/en_gb\/petits-gestes-grande-culture-ou-comment-batir-une-culture-de-la-gestion-securite-engageante\/\" aria-label=\"Read more about Petits gestes, grande culture\u00a0ou comment b\u00e2tir une culture de la gestion\u00a0s\u00e9curit\u00e9 engageante ?\" tabindex=\"-1\" >\n\t\t\tREAD MORE &gt;&gt;\t\t<\/a>\n\n\t\t\t\t<\/div>\n\t\t\t\t<div class=\"elementor-post__meta-data\">\n\t\t\t\t\t<span class=\"elementor-post-date\">\n\t\t\tSeptember 24, 2025\t\t<\/span>\n\t\t\t\t<\/div>\n\t\t\t\t\t<\/div>\n\t\t<\/article>\n\t\t\t\t<article class=\"elementor-post elementor-grid-item post-37817 post type-post status-publish format-standard has-post-thumbnail hentry category-news\" role=\"listitem\">\n\t\t\t<div class=\"elementor-post__card\">\n\t\t\t\t<a class=\"elementor-post__thumbnail__link\" href=\"https:\/\/www.aegide-international.com\/en_gb\/culture-securite-faire-evoluer-les-comportements-eviter-90-des-accidents\/\" tabindex=\"-1\" ><div class=\"elementor-post__thumbnail\"><img decoding=\"async\" width=\"300\" height=\"199\" src=\"https:\/\/www.aegide-international.com\/wp-content\/uploads\/2023\/08\/Capture-decran-2023-08-31-a-11.39.07-300x199.jpg\" class=\"attachment-medium size-medium wp-image-34618\" alt=\"\" srcset=\"https:\/\/www.aegide-international.com\/wp-content\/uploads\/2023\/08\/Capture-decran-2023-08-31-a-11.39.07-300x199.jpg 300w, https:\/\/www.aegide-international.com\/wp-content\/uploads\/2023\/08\/Capture-decran-2023-08-31-a-11.39.07-768x509.jpg 768w, https:\/\/www.aegide-international.com\/wp-content\/uploads\/2023\/08\/Capture-decran-2023-08-31-a-11.39.07-18x12.jpg 18w, https:\/\/www.aegide-international.com\/wp-content\/uploads\/2023\/08\/Capture-decran-2023-08-31-a-11.39.07.jpg 824w\" sizes=\"(max-width: 300px) 100vw, 300px\" \/><\/div><\/a>\n\t\t\t\t<div class=\"elementor-post__text\">\n\t\t\t\t<h3 class=\"elementor-post__title\">\n\t\t\t<a href=\"https:\/\/www.aegide-international.com\/en_gb\/culture-securite-faire-evoluer-les-comportements-eviter-90-des-accidents\/\" >\n\t\t\t\tSafety Culture: Changing Behaviors to Prevent 90% of Accidents\t\t\t<\/a>\n\t\t<\/h3>\n\t\t\t\t<div class=\"elementor-post__excerpt\">\n\t\t\t<p>Safety culture assessment is more than a formality, it\u2019s the first step toward turning safety aspirations into reality. Here's why.<\/p>\t\t<\/div>\n\t\t\n\t\t<a class=\"elementor-post__read-more\" href=\"https:\/\/www.aegide-international.com\/en_gb\/culture-securite-faire-evoluer-les-comportements-eviter-90-des-accidents\/\" aria-label=\"Read more about Culture s\u00e9curit\u00e9 : Faire \u00e9voluer les comportements, \u00e9viter 90% des accidents\" tabindex=\"-1\" >\n\t\t\tREAD MORE &gt;&gt;\t\t<\/a>\n\n\t\t\t\t<\/div>\n\t\t\t\t<div class=\"elementor-post__meta-data\">\n\t\t\t\t\t<span class=\"elementor-post-date\">\n\t\t\tMay 14, 2025\t\t<\/span>\n\t\t\t\t<\/div>\n\t\t\t\t\t<\/div>\n\t\t<\/article>\n\t\t\t\t<article class=\"elementor-post elementor-grid-item post-37224 post type-post status-publish format-standard has-post-thumbnail hentry category-news\" role=\"listitem\">\n\t\t\t<div class=\"elementor-post__card\">\n\t\t\t\t<a class=\"elementor-post__thumbnail__link\" href=\"https:\/\/www.aegide-international.com\/en_gb\/maximiser-la-securite-la-sante-et-lenvironnement-avec-le-referentiel-mase-un-guide-complet-pour-les-entreprises\/\" tabindex=\"-1\" ><div class=\"elementor-post__thumbnail\"><img loading=\"lazy\" decoding=\"async\" width=\"300\" height=\"200\" src=\"https:\/\/www.aegide-international.com\/wp-content\/uploads\/2023\/03\/AdobeStock_483849424-300x200.jpeg\" class=\"attachment-medium size-medium wp-image-32567\" alt=\"\" srcset=\"https:\/\/www.aegide-international.com\/wp-content\/uploads\/2023\/03\/AdobeStock_483849424-300x200.jpeg 300w, https:\/\/www.aegide-international.com\/wp-content\/uploads\/2023\/03\/AdobeStock_483849424-768x512.jpeg 768w, https:\/\/www.aegide-international.com\/wp-content\/uploads\/2023\/03\/AdobeStock_483849424-18x12.jpeg 18w, https:\/\/www.aegide-international.com\/wp-content\/uploads\/2023\/03\/AdobeStock_483849424.jpeg 1000w\" sizes=\"(max-width: 300px) 100vw, 300px\" \/><\/div><\/a>\n\t\t\t\t<div class=\"elementor-post__text\">\n\t\t\t\t<h3 class=\"elementor-post__title\">\n\t\t\t<a href=\"https:\/\/www.aegide-international.com\/en_gb\/maximiser-la-securite-la-sante-et-lenvironnement-avec-le-referentiel-mase-un-guide-complet-pour-les-entreprises\/\" >\n\t\t\t\tMaximiser la S\u00e9curit\u00e9, la Sant\u00e9 et l&rsquo;Environnement avec le R\u00e9f\u00e9rentiel MASE : Un Guide Complet pour les Entreprises\t\t\t<\/a>\n\t\t<\/h3>\n\t\t\t\t<div class=\"elementor-post__excerpt\">\n\t\t\t<p>The main aim of the MASE-UIC management system is to achieve continuous improvement in HSE performance between user and contractor companies in different sectors.<\/p>\t\t<\/div>\n\t\t\n\t\t<a class=\"elementor-post__read-more\" href=\"https:\/\/www.aegide-international.com\/en_gb\/maximiser-la-securite-la-sante-et-lenvironnement-avec-le-referentiel-mase-un-guide-complet-pour-les-entreprises\/\" aria-label=\"Read more about Maximiser la S\u00e9curit\u00e9, la Sant\u00e9 et l&rsquo;Environnement avec le R\u00e9f\u00e9rentiel MASE : Un Guide Complet pour les Entreprises\" tabindex=\"-1\" >\n\t\t\tREAD MORE &gt;&gt;\t\t<\/a>\n\n\t\t\t\t<\/div>\n\t\t\t\t<div class=\"elementor-post__meta-data\">\n\t\t\t\t\t<span class=\"elementor-post-date\">\n\t\t\tOctober 10, 2024\t\t<\/span>\n\t\t\t\t<\/div>\n\t\t\t\t\t<\/div>\n\t\t<\/article>\n\t\t\t\t<article class=\"elementor-post elementor-grid-item post-37009 post type-post status-publish format-standard has-post-thumbnail hentry category-news\" role=\"listitem\">\n\t\t\t<div class=\"elementor-post__card\">\n\t\t\t\t<a class=\"elementor-post__thumbnail__link\" href=\"https:\/\/www.aegide-international.com\/en_gb\/les-regles-dor-securite-guide-de-la-communication-des-regles-dor-securite-2\/\" tabindex=\"-1\" ><div class=\"elementor-post__thumbnail\"><img loading=\"lazy\" decoding=\"async\" width=\"300\" height=\"200\" src=\"https:\/\/www.aegide-international.com\/wp-content\/uploads\/2024\/02\/AdobeStock_482404253-\u00a9Sittinan-300x200.webp\" class=\"attachment-medium size-medium wp-image-36555\" alt=\"\" srcset=\"https:\/\/www.aegide-international.com\/wp-content\/uploads\/2024\/02\/AdobeStock_482404253-\u00a9Sittinan-300x200.webp 300w, https:\/\/www.aegide-international.com\/wp-content\/uploads\/2024\/02\/AdobeStock_482404253-\u00a9Sittinan-768x512.webp 768w, https:\/\/www.aegide-international.com\/wp-content\/uploads\/2024\/02\/AdobeStock_482404253-\u00a9Sittinan-18x12.webp 18w, https:\/\/www.aegide-international.com\/wp-content\/uploads\/2024\/02\/AdobeStock_482404253-\u00a9Sittinan-jpg.webp 1000w\" sizes=\"(max-width: 300px) 100vw, 300px\" \/><\/div><\/a>\n\t\t\t\t<div class=\"elementor-post__text\">\n\t\t\t\t<h3 class=\"elementor-post__title\">\n\t\t\t<a href=\"https:\/\/www.aegide-international.com\/en_gb\/les-regles-dor-securite-guide-de-la-communication-des-regles-dor-securite-2\/\" >\n\t\t\t\tSafety Golden Rules communication guidelines\t\t\t<\/a>\n\t\t<\/h3>\n\t\t\t\t<div class=\"elementor-post__excerpt\">\n\t\t\t<p>Once the company's Golden Rules have been identified \u2013 a succession of complex steps in terms of data processing - and then drafted, which enables the main output elements to be addressed and integrated into the company's safety management system, the golden rules need to be communicated and disseminated to all the stakeholders.<\/p>\t\t<\/div>\n\t\t\n\t\t<a class=\"elementor-post__read-more\" href=\"https:\/\/www.aegide-international.com\/en_gb\/les-regles-dor-securite-guide-de-la-communication-des-regles-dor-securite-2\/\" aria-label=\"Read more about Les r\u00e8gles d\u2019or s\u00e9curit\u00e9\u202f: guide de la communication des R\u00e8gles d\u2019or s\u00e9curit\u00e9\" tabindex=\"-1\" >\n\t\t\tREAD MORE &gt;&gt;\t\t<\/a>\n\n\t\t\t\t<\/div>\n\t\t\t\t<div class=\"elementor-post__meta-data\">\n\t\t\t\t\t<span class=\"elementor-post-date\">\n\t\t\tJuly 22, 2024\t\t<\/span>\n\t\t\t\t<\/div>\n\t\t\t\t\t<\/div>\n\t\t<\/article>\n\t\t\t\t<article class=\"elementor-post elementor-grid-item post-36994 post type-post status-publish format-standard has-post-thumbnail hentry category-news\" role=\"listitem\">\n\t\t\t<div class=\"elementor-post__card\">\n\t\t\t\t<a class=\"elementor-post__thumbnail__link\" href=\"https:\/\/www.aegide-international.com\/en_gb\/les-regles-dor-securite-guide-de-la-communication-des-regles-dor-securite\/\" tabindex=\"-1\" ><div class=\"elementor-post__thumbnail\"><img loading=\"lazy\" decoding=\"async\" width=\"300\" height=\"200\" src=\"https:\/\/www.aegide-international.com\/wp-content\/uploads\/2023\/05\/AdobeStock_291470294-300x200.jpeg\" class=\"attachment-medium size-medium wp-image-33619\" alt=\"\" srcset=\"https:\/\/www.aegide-international.com\/wp-content\/uploads\/2023\/05\/AdobeStock_291470294-300x200.jpeg 300w, https:\/\/www.aegide-international.com\/wp-content\/uploads\/2023\/05\/AdobeStock_291470294-768x512.jpeg 768w, https:\/\/www.aegide-international.com\/wp-content\/uploads\/2023\/05\/AdobeStock_291470294-18x12.jpeg 18w, https:\/\/www.aegide-international.com\/wp-content\/uploads\/2023\/05\/AdobeStock_291470294.jpeg 1000w\" sizes=\"(max-width: 300px) 100vw, 300px\" \/><\/div><\/a>\n\t\t\t\t<div class=\"elementor-post__text\">\n\t\t\t\t<h3 class=\"elementor-post__title\">\n\t\t\t<a href=\"https:\/\/www.aegide-international.com\/en_gb\/les-regles-dor-securite-guide-de-la-communication-des-regles-dor-securite\/\" >\n\t\t\t\tSafety golden rules drafting guidelines\t\t\t<\/a>\n\t\t<\/h3>\n\t\t\t\t<div class=\"elementor-post__excerpt\">\n\t\t\t<p>Dans notre pr\u00e9c\u00e9dent article, nous avons \u00e9tablis les fondations de la d\u00e9marche en explorant l\u2019importance de la mise en place des r\u00e8gles d\u2019or s\u00e9curit\u00e9. Dans ce nouvel article, nous allons vous expliquer la seconde \u00e9tape qui est tout aussi cruciale pour assurer sa bonne application : La r\u00e9daction des r\u00e8gles d\u2019or s\u00e9curit\u00e9.<\/p>\t\t<\/div>\n\t\t\n\t\t<a class=\"elementor-post__read-more\" href=\"https:\/\/www.aegide-international.com\/en_gb\/les-regles-dor-securite-guide-de-la-communication-des-regles-dor-securite\/\" aria-label=\"Read more about Les r\u00e8gles d\u2019or s\u00e9curit\u00e9\u202f: Guide de r\u00e9daction des r\u00e8gles d\u2019or s\u00e9curit\u00e9\" tabindex=\"-1\" >\n\t\t\tREAD MORE &gt;&gt;\t\t<\/a>\n\n\t\t\t\t<\/div>\n\t\t\t\t<div class=\"elementor-post__meta-data\">\n\t\t\t\t\t<span class=\"elementor-post-date\">\n\t\t\tJuly 10, 2024\t\t<\/span>\n\t\t\t\t<\/div>\n\t\t\t\t\t<\/div>\n\t\t<\/article>\n\t\t\t\t<\/div>\n\t\t\n\t\t\t\t<div class=\"e-load-more-anchor\" data-page=\"1\" data-max-page=\"2\" data-next-page=\"https:\/\/www.aegide-international.com\/en_gb\/wp-json\/wp\/v2\/pages\/36653\/page\/2\/\"><\/div>\n\t\t\t\t<nav class=\"elementor-pagination\" aria-label=\"Pagination\">\n\t\t\t<span aria-current=\"page\" class=\"page-numbers current\"><span class=\"elementor-screen-only\">Page<\/span>1<\/span>\n<a class=\"page-numbers\" href=\"https:\/\/www.aegide-international.com\/en_gb\/wp-json\/wp\/v2\/pages\/36653\/page\/2\/\"><span class=\"elementor-screen-only\">Page<\/span>2<\/a>\t\t<\/nav>\n\t\t\t\t\t\t<\/div>\n\t\t\t\t<\/div>\n\t\t\t\t\t<\/div>\n\t\t\t\t<\/div>\n\t\t\t\t<\/div>","protected":false},"excerpt":{"rendered":"<p>ACTUALIT\u00c9 Blog Suivez nos derni\u00e8res nouvelles, analyses, r\u00e9flexion et pr\u00e9sentations de services. Blog Nos articles<\/p>","protected":false},"author":2,"featured_media":0,"parent":0,"menu_order":0,"comment_status":"closed","ping_status":"closed","template":"","meta":{"footnotes":""},"class_list":["post-36653","page","type-page","status-publish","hentry"],"jetpack_sharing_enabled":true,"_links":{"self":[{"href":"https:\/\/www.aegide-international.com\/en_gb\/wp-json\/wp\/v2\/pages\/36653","targetHints":{"allow":["GET"]}}],"collection":[{"href":"https:\/\/www.aegide-international.com\/en_gb\/wp-json\/wp\/v2\/pages"}],"about":[{"href":"https:\/\/www.aegide-international.com\/en_gb\/wp-json\/wp\/v2\/types\/page"}],"author":[{"embeddable":true,"href":"https:\/\/www.aegide-international.com\/en_gb\/wp-json\/wp\/v2\/users\/2"}],"replies":[{"embeddable":true,"href":"https:\/\/www.aegide-international.com\/en_gb\/wp-json\/wp\/v2\/comments?post=36653"}],"version-history":[{"count":22,"href":"https:\/\/www.aegide-international.com\/en_gb\/wp-json\/wp\/v2\/pages\/36653\/revisions"}],"predecessor-version":[{"id":37481,"href":"https:\/\/www.aegide-international.com\/en_gb\/wp-json\/wp\/v2\/pages\/36653\/revisions\/37481"}],"wp:attachment":[{"href":"https:\/\/www.aegide-international.com\/en_gb\/wp-json\/wp\/v2\/media?parent=36653"}],"curies":[{"name":"wp","href":"https:\/\/api.w.org\/{rel}","templated":true}]}}