{"id":30984,"date":"2023-03-02T11:25:08","date_gmt":"2023-03-02T10:25:08","guid":{"rendered":"http:\/\/www.aegide-international.com\/?page_id=30984"},"modified":"2025-08-19T12:05:21","modified_gmt":"2025-08-19T10:05:21","slug":"legal","status":"publish","type":"page","link":"https:\/\/www.aegide-international.com\/en_gb\/legal\/","title":{"rendered":"Legal information"},"content":{"rendered":"<div data-elementor-type=\"wp-page\" data-elementor-id=\"30984\" class=\"elementor elementor-30984\" data-elementor-post-type=\"page\">\n\t\t\t\t\t\t<section class=\"elementor-section elementor-top-section elementor-element elementor-element-e28dca4 elementor-section-height-min-height elementor-section-boxed elementor-section-height-default elementor-section-items-middle wpr-particle-no wpr-column-slider-no wpr-equal-height-no\" data-id=\"e28dca4\" data-element_type=\"section\" data-e-type=\"section\" data-settings=\"{&quot;background_background&quot;:&quot;classic&quot;}\">\n\t\t\t\t\t\t\t<div class=\"elementor-background-overlay\"><\/div>\n\t\t\t\t\t\t\t<div class=\"elementor-container elementor-column-gap-default\">\n\t\t\t\t\t<div class=\"elementor-column elementor-col-100 elementor-top-column elementor-element elementor-element-6d0f315\" data-id=\"6d0f315\" data-element_type=\"column\" data-e-type=\"column\">\n\t\t\t<div class=\"elementor-widget-wrap elementor-element-populated\">\n\t\t\t\t\t\t<div class=\"elementor-element elementor-element-6d27b12 elementor-widget elementor-widget-text-editor\" data-id=\"6d27b12\" data-element_type=\"widget\" data-e-type=\"widget\" data-widget_type=\"text-editor.default\">\n\t\t\t\t<div class=\"elementor-widget-container\">\n\t\t\t\t\t\t\t\t\t<p>LEGAL<\/p>\t\t\t\t\t\t\t\t<\/div>\n\t\t\t\t<\/div>\n\t\t\t\t<div class=\"elementor-element elementor-element-296b8fc elementor-widget elementor-widget-heading\" data-id=\"296b8fc\" data-element_type=\"widget\" data-e-type=\"widget\" data-widget_type=\"heading.default\">\n\t\t\t\t<div class=\"elementor-widget-container\">\n\t\t\t\t\t<h1 class=\"elementor-heading-title elementor-size-default\">Legal information<\/h1>\t\t\t\t<\/div>\n\t\t\t\t<\/div>\n\t\t\t\t<div class=\"elementor-element elementor-element-182e845 elementor-view-stacked elementor-fixed elementor-widget__width-auto elementor-shape-circle elementor-widget elementor-widget-icon\" data-id=\"182e845\" data-element_type=\"widget\" data-e-type=\"widget\" data-settings=\"{&quot;_position&quot;:&quot;fixed&quot;}\" data-widget_type=\"icon.default\">\n\t\t\t\t<div class=\"elementor-widget-container\">\n\t\t\t\t\t\t\t<div class=\"elementor-icon-wrapper\">\n\t\t\t<a class=\"elementor-icon\" href=\"#elementor-action%3Aaction%3Dpopup%3Aopen%26settings%3DeyJpZCI6IjI5MzAzIiwidG9nZ2xlIjpmYWxzZX0%3D\">\n\t\t\t<i aria-hidden=\"true\" class=\"far fa-envelope\"><\/i>\t\t\t<\/a>\n\t\t<\/div>\n\t\t\t\t\t\t<\/div>\n\t\t\t\t<\/div>\n\t\t\t\t\t<\/div>\n\t\t<\/div>\n\t\t\t\t\t<\/div>\n\t\t<\/section>\n\t\t\t\t<section class=\"elementor-section elementor-top-section elementor-element elementor-element-0867773 elementor-section-content-middle elementor-section-boxed elementor-section-height-default elementor-section-height-default wpr-particle-no wpr-column-slider-no wpr-equal-height-no\" data-id=\"0867773\" data-element_type=\"section\" data-e-type=\"section\" data-settings=\"{&quot;background_background&quot;:&quot;classic&quot;}\">\n\t\t\t\t\t\t\t<div class=\"elementor-background-overlay\"><\/div>\n\t\t\t\t\t\t\t<div class=\"elementor-container elementor-column-gap-no\">\n\t\t\t\t\t<div class=\"elementor-column elementor-col-100 elementor-top-column elementor-element elementor-element-e3e807e\" data-id=\"e3e807e\" data-element_type=\"column\" data-e-type=\"column\">\n\t\t\t<div class=\"elementor-widget-wrap elementor-element-populated\">\n\t\t\t\t\t\t<section class=\"elementor-section elementor-inner-section elementor-element elementor-element-12770cc elementor-section-boxed elementor-section-height-default elementor-section-height-default wpr-particle-no wpr-column-slider-no wpr-equal-height-no\" data-id=\"12770cc\" data-element_type=\"section\" data-e-type=\"section\">\n\t\t\t\t\t\t<div class=\"elementor-container elementor-column-gap-default\">\n\t\t\t\t\t<div class=\"elementor-column elementor-col-100 elementor-inner-column elementor-element elementor-element-63b5c80\" data-id=\"63b5c80\" data-element_type=\"column\" data-e-type=\"column\">\n\t\t\t<div class=\"elementor-widget-wrap elementor-element-populated\">\n\t\t\t\t\t\t<div class=\"elementor-element elementor-element-1d490f7 elementor-icon-list--layout-traditional elementor-list-item-link-full_width elementor-widget elementor-widget-icon-list\" data-id=\"1d490f7\" data-element_type=\"widget\" data-e-type=\"widget\" data-widget_type=\"icon-list.default\">\n\t\t\t\t<div class=\"elementor-widget-container\">\n\t\t\t\t\t\t\t<ul class=\"elementor-icon-list-items\">\n\t\t\t\t\t\t\t<li class=\"elementor-icon-list-item\">\n\t\t\t\t\t\t\t\t\t\t<span class=\"elementor-icon-list-text\">LEGAL<\/span>\n\t\t\t\t\t\t\t\t\t<\/li>\n\t\t\t\t\t\t<\/ul>\n\t\t\t\t\t\t<\/div>\n\t\t\t\t<\/div>\n\t\t\t\t<div class=\"elementor-element elementor-element-e9648c9 elementor-widget elementor-widget-heading\" data-id=\"e9648c9\" data-element_type=\"widget\" data-e-type=\"widget\" data-widget_type=\"heading.default\">\n\t\t\t\t<div class=\"elementor-widget-container\">\n\t\t\t\t\t<h2 class=\"elementor-heading-title elementor-size-default\">This website is edited by Aegide International<\/h2>\t\t\t\t<\/div>\n\t\t\t\t<\/div>\n\t\t\t\t<div class=\"elementor-element elementor-element-e16fcd8 elementor-widget elementor-widget-text-editor\" data-id=\"e16fcd8\" data-element_type=\"widget\" data-e-type=\"widget\" data-widget_type=\"text-editor.default\">\n\t\t\t\t<div class=\"elementor-widget-container\">\n\t\t\t\t\t\t\t\t\t<p>SAS with share capital of \u20ac 76,285.49, registered in the RCS of Bordeaux on the 15-11-1995 - # 402 780 019<\/p>\t\t\t\t\t\t\t\t<\/div>\n\t\t\t\t<\/div>\n\t\t\t\t<div class=\"elementor-element elementor-element-b8a02b9 elementor-widget elementor-widget-text-editor\" data-id=\"b8a02b9\" data-element_type=\"widget\" data-e-type=\"widget\" data-widget_type=\"text-editor.default\">\n\t\t\t\t<div class=\"elementor-widget-container\">\n\t\t\t\t\t\t\t\t\t<p>OFFICE<\/p>\t\t\t\t\t\t\t\t<\/div>\n\t\t\t\t<\/div>\n\t\t\t\t<div class=\"elementor-element elementor-element-5c16290 elementor-widget elementor-widget-text-editor\" data-id=\"5c16290\" data-element_type=\"widget\" data-e-type=\"widget\" data-widget_type=\"text-editor.default\">\n\t\t\t\t<div class=\"elementor-widget-container\">\n\t\t\t\t\t\t\t\t\t<p>Immeuble Perspective<br \/>4, rue du Tri Postal<br \/>33800 Bordeaux<br \/>Tel: +33(0)5 57 35 04 60<\/p><p>SIRET Number: 40278001900152<\/p><p>Hosting service : OVH, 2 rue Kellermann - 59100 Roubaix - France<\/p>\t\t\t\t\t\t\t\t<\/div>\n\t\t\t\t<\/div>\n\t\t\t\t<div class=\"elementor-element elementor-element-c33c925 elementor-widget elementor-widget-text-editor\" data-id=\"c33c925\" data-element_type=\"widget\" data-e-type=\"widget\" data-widget_type=\"text-editor.default\">\n\t\t\t\t<div class=\"elementor-widget-container\">\n\t\t\t\t\t\t\t\t\t<p>Director of publication \/ Webmaster:<\/p>\t\t\t\t\t\t\t\t<\/div>\n\t\t\t\t<\/div>\n\t\t\t\t<div class=\"elementor-element elementor-element-5262703 elementor-widget elementor-widget-text-editor\" data-id=\"5262703\" data-element_type=\"widget\" data-e-type=\"widget\" data-widget_type=\"text-editor.default\">\n\t\t\t\t<div class=\"elementor-widget-container\">\n\t\t\t\t\t\t\t\t\t<p>Vincent NOUAUX<br \/>AEGIDE INTERNATIONAL<br \/>4, rue du Tri Postal<br \/>33800 Bordeaux<\/p><p>PHONE: 05 57 35 04 60<br \/>E-mail : contact@aegide-international.com<\/p><p>For any questions concerning the use of your personal data, we invite you to consult this page or to ask us questions via the contact form.<\/p>\t\t\t\t\t\t\t\t<\/div>\n\t\t\t\t<\/div>\n\t\t\t\t\t<\/div>\n\t\t<\/div>\n\t\t\t\t\t<\/div>\n\t\t<\/section>\n\t\t\t\t\t<\/div>\n\t\t<\/div>\n\t\t\t\t\t<\/div>\n\t\t<\/section>\n\t\t\t\t<\/div>","protected":false},"excerpt":{"rendered":"<p>L\u00c9GAL Informations l\u00e9gales L\u00c9GAL Ce site est \u00e9dit\u00e9 par la soci\u00e9t\u00e9 Aegide International SAS au Capital social de 76 285,49 \u20ac, Immatricul\u00e9e au RCS de Bordeaux le 15-11-1995 &#8211; 402 780 019 BUREAUX Immeuble Perspective4, rue du Tri Postal33800 BordeauxTel: +33(0)5 57 35 04 60 Num\u00e9ro SIRET: 40278001900152 H\u00e9bergeur : OVH, 2 rue Kellermann &#8211; 59100 Roubaix &#8211; France Directeur de la publication \/ Webmaster Vincent NOUAUXAEGIDE INTERNATIONAL4, rue du Tri Postal33800 Bordeaux STANDARD : 05 57 35 04 60E-mail : contact@aegide-international.com Pour toutes questions relatives \u00e0 l&rsquo;utilisation de vos donn\u00e9es personnelles, nous vous invitons \u00e0 consulter cette page ou \u00e0 nous poser vos questions via ce formulaire de contact.<\/p>","protected":false},"author":2,"featured_media":0,"parent":0,"menu_order":0,"comment_status":"closed","ping_status":"closed","template":"","meta":{"footnotes":""},"class_list":["post-30984","page","type-page","status-publish","hentry"],"jetpack_sharing_enabled":true,"_links":{"self":[{"href":"https:\/\/www.aegide-international.com\/en_gb\/wp-json\/wp\/v2\/pages\/30984","targetHints":{"allow":["GET"]}}],"collection":[{"href":"https:\/\/www.aegide-international.com\/en_gb\/wp-json\/wp\/v2\/pages"}],"about":[{"href":"https:\/\/www.aegide-international.com\/en_gb\/wp-json\/wp\/v2\/types\/page"}],"author":[{"embeddable":true,"href":"https:\/\/www.aegide-international.com\/en_gb\/wp-json\/wp\/v2\/users\/2"}],"replies":[{"embeddable":true,"href":"https:\/\/www.aegide-international.com\/en_gb\/wp-json\/wp\/v2\/comments?post=30984"}],"version-history":[{"count":14,"href":"https:\/\/www.aegide-international.com\/en_gb\/wp-json\/wp\/v2\/pages\/30984\/revisions"}],"predecessor-version":[{"id":38094,"href":"https:\/\/www.aegide-international.com\/en_gb\/wp-json\/wp\/v2\/pages\/30984\/revisions\/38094"}],"wp:attachment":[{"href":"https:\/\/www.aegide-international.com\/en_gb\/wp-json\/wp\/v2\/media?parent=30984"}],"curies":[{"name":"wp","href":"https:\/\/api.w.org\/{rel}","templated":true}]}}