{"id":30959,"date":"2023-03-01T16:43:31","date_gmt":"2023-03-01T15:43:31","guid":{"rendered":"http:\/\/www.aegide-international.com\/?page_id=30959"},"modified":"2025-08-19T12:05:42","modified_gmt":"2025-08-19T10:05:42","slug":"datas","status":"publish","type":"page","link":"https:\/\/www.aegide-international.com\/en_gb\/datas\/","title":{"rendered":"Personal data"},"content":{"rendered":"<div data-elementor-type=\"wp-page\" data-elementor-id=\"30959\" class=\"elementor elementor-30959\" data-elementor-post-type=\"page\">\n\t\t\t\t\t\t<section class=\"elementor-section elementor-top-section elementor-element elementor-element-e28dca4 elementor-section-height-min-height elementor-section-boxed elementor-section-height-default elementor-section-items-middle wpr-particle-no wpr-equal-height-no\" data-id=\"e28dca4\" data-element_type=\"section\" data-settings=\"{&quot;background_background&quot;:&quot;classic&quot;}\">\n\t\t\t\t\t\t\t<div class=\"elementor-background-overlay\"><\/div>\n\t\t\t\t\t\t\t<div class=\"elementor-container elementor-column-gap-default\">\n\t\t\t\t\t<div class=\"elementor-column elementor-col-100 elementor-top-column elementor-element elementor-element-6d0f315\" data-id=\"6d0f315\" data-element_type=\"column\">\n\t\t\t<div class=\"elementor-widget-wrap elementor-element-populated\">\n\t\t\t\t\t\t<div class=\"elementor-element elementor-element-6d27b12 elementor-widget elementor-widget-text-editor\" data-id=\"6d27b12\" data-element_type=\"widget\" data-widget_type=\"text-editor.default\">\n\t\t\t\t<div class=\"elementor-widget-container\">\n\t\t\t\t\t\t\t\t\t<p>LEGAL<\/p>\t\t\t\t\t\t\t\t<\/div>\n\t\t\t\t<\/div>\n\t\t\t\t<div class=\"elementor-element elementor-element-296b8fc elementor-widget elementor-widget-heading\" data-id=\"296b8fc\" data-element_type=\"widget\" data-widget_type=\"heading.default\">\n\t\t\t\t<div class=\"elementor-widget-container\">\n\t\t\t\t\t<h1 class=\"elementor-heading-title elementor-size-default\">Personal data<\/h1>\t\t\t\t<\/div>\n\t\t\t\t<\/div>\n\t\t\t\t<div class=\"elementor-element elementor-element-182e845 elementor-view-stacked elementor-fixed elementor-widget__width-auto elementor-shape-circle elementor-widget elementor-widget-icon\" data-id=\"182e845\" data-element_type=\"widget\" data-settings=\"{&quot;_position&quot;:&quot;fixed&quot;}\" data-widget_type=\"icon.default\">\n\t\t\t\t<div class=\"elementor-widget-container\">\n\t\t\t\t\t\t\t<div class=\"elementor-icon-wrapper\">\n\t\t\t<a class=\"elementor-icon\" href=\"#elementor-action%3Aaction%3Dpopup%3Aopen%26settings%3DeyJpZCI6IjI5MzAzIiwidG9nZ2xlIjpmYWxzZX0%3D\">\n\t\t\t<i aria-hidden=\"true\" class=\"far fa-envelope\"><\/i>\t\t\t<\/a>\n\t\t<\/div>\n\t\t\t\t\t\t<\/div>\n\t\t\t\t<\/div>\n\t\t\t\t\t<\/div>\n\t\t<\/div>\n\t\t\t\t\t<\/div>\n\t\t<\/section>\n\t\t\t\t<section class=\"elementor-section elementor-top-section elementor-element elementor-element-0867773 elementor-section-content-middle elementor-section-boxed elementor-section-height-default elementor-section-height-default wpr-particle-no wpr-equal-height-no\" data-id=\"0867773\" data-element_type=\"section\" data-settings=\"{&quot;background_background&quot;:&quot;classic&quot;}\">\n\t\t\t\t\t\t\t<div class=\"elementor-background-overlay\"><\/div>\n\t\t\t\t\t\t\t<div class=\"elementor-container elementor-column-gap-no\">\n\t\t\t\t\t<div class=\"elementor-column elementor-col-100 elementor-top-column elementor-element elementor-element-e3e807e\" data-id=\"e3e807e\" data-element_type=\"column\">\n\t\t\t<div class=\"elementor-widget-wrap elementor-element-populated\">\n\t\t\t\t\t\t<section class=\"elementor-section elementor-inner-section elementor-element elementor-element-12770cc elementor-section-boxed elementor-section-height-default elementor-section-height-default wpr-particle-no wpr-equal-height-no\" data-id=\"12770cc\" data-element_type=\"section\">\n\t\t\t\t\t\t<div class=\"elementor-container elementor-column-gap-default\">\n\t\t\t\t\t<div class=\"elementor-column elementor-col-100 elementor-inner-column elementor-element elementor-element-63b5c80\" data-id=\"63b5c80\" data-element_type=\"column\">\n\t\t\t<div class=\"elementor-widget-wrap elementor-element-populated\">\n\t\t\t\t\t\t<div class=\"elementor-element elementor-element-1d490f7 elementor-icon-list--layout-traditional elementor-list-item-link-full_width elementor-widget elementor-widget-icon-list\" data-id=\"1d490f7\" data-element_type=\"widget\" data-widget_type=\"icon-list.default\">\n\t\t\t\t<div class=\"elementor-widget-container\">\n\t\t\t\t\t\t\t<ul class=\"elementor-icon-list-items\">\n\t\t\t\t\t\t\t<li class=\"elementor-icon-list-item\">\n\t\t\t\t\t\t\t\t\t\t<span class=\"elementor-icon-list-text\">LEGAL<\/span>\n\t\t\t\t\t\t\t\t\t<\/li>\n\t\t\t\t\t\t<\/ul>\n\t\t\t\t\t\t<\/div>\n\t\t\t\t<\/div>\n\t\t\t\t<div class=\"elementor-element elementor-element-e9648c9 elementor-widget elementor-widget-heading\" data-id=\"e9648c9\" data-element_type=\"widget\" data-widget_type=\"heading.default\">\n\t\t\t\t<div class=\"elementor-widget-container\">\n\t\t\t\t\t<h2 class=\"elementor-heading-title elementor-size-default\">Aegide International is committed to respecting and protecting your personal information.<\/h2>\t\t\t\t<\/div>\n\t\t\t\t<\/div>\n\t\t\t\t<div class=\"elementor-element elementor-element-e16fcd8 elementor-widget elementor-widget-text-editor\" data-id=\"e16fcd8\" data-element_type=\"widget\" data-widget_type=\"text-editor.default\">\n\t\t\t\t<div class=\"elementor-widget-container\">\n\t\t\t\t\t\t\t\t\t<p>As part of its internal management, its training, auditing and consulting activities, Aegide International is required to collect or have access to data considered personal as defined by the General Data Protection Regulation (GDPR).<\/p><p><a href=\"https:\/\/www.cnil.fr\/fr\/reglement-europeen-protection-donnees\" target=\"_blank\" rel=\"noopener\">https:\/\/www.cnil.fr\/fr\/reglement-europeen-protection-donnees<\/a><\/p><p>This personal data includes the following non-exhaustive list: names, personal and \/ or business email addresses, phone numbers, mailing addresses, identity card or passport numbers, social security numbers, loyalty program membership numbers (SNCF, Air France ...), general medical data (skills or restrictions), analyses and accident investigation results (testimonies, types of injuries...), professional interviews, certificates and professional qualifications.<\/p>\t\t\t\t\t\t\t\t<\/div>\n\t\t\t\t<\/div>\n\t\t\t\t<div class=\"elementor-element elementor-element-b8a02b9 elementor-widget elementor-widget-text-editor\" data-id=\"b8a02b9\" data-element_type=\"widget\" data-widget_type=\"text-editor.default\">\n\t\t\t\t<div class=\"elementor-widget-container\">\n\t\t\t\t\t\t\t\t\t<p>Aegide International s&rsquo;engage \u00e0 respecter vos informations personnelles.<\/p>\t\t\t\t\t\t\t\t<\/div>\n\t\t\t\t<\/div>\n\t\t\t\t<div class=\"elementor-element elementor-element-5c16290 elementor-widget elementor-widget-text-editor\" data-id=\"5c16290\" data-element_type=\"widget\" data-widget_type=\"text-editor.default\">\n\t\t\t\t<div class=\"elementor-widget-container\">\n\t\t\t\t\t\t\t\t\t<p>In order to protect your data, we apply the following principles:<\/p><ul><li>No trade or arbitrary distribution of your personal data,<\/li><li>Digitization in order to limit and control the circulation of paper documents,<\/li><li>Prior notification of this policy to all company employees,<\/li><li>Prior communication of this policy to companies with which Aegide International does business. We request that all third parties agree to comply with our data protection policy,<\/li><li>We ensure all independent consultants who contract with Aegide International sign a confidentiality agreement,<\/li><li>Application of personal data retention policies of companies, in a secure area accessible only by the consultant or auditor,<\/li><li>Prior communication of our data protection policy to all our training clients during their registration process,<\/li><li>Conservation of data over a period not exceeding three years, after which the data will be destroyed,<\/li><li>Taking into account your right to delete data.<\/li><\/ul><p>\u00a0<\/p>\t\t\t\t\t\t\t\t<\/div>\n\t\t\t\t<\/div>\n\t\t\t\t<div class=\"elementor-element elementor-element-c33c925 elementor-widget elementor-widget-text-editor\" data-id=\"c33c925\" data-element_type=\"widget\" data-widget_type=\"text-editor.default\">\n\t\t\t\t<div class=\"elementor-widget-container\">\n\t\t\t\t\t\t\t\t\t<p>Aegide International is committed to protecting your personal information, to prevent their damage, deletion or access by unauthorized third parties.<\/p>\t\t\t\t\t\t\t\t<\/div>\n\t\t\t\t<\/div>\n\t\t\t\t<div class=\"elementor-element elementor-element-5262703 elementor-widget elementor-widget-text-editor\" data-id=\"5262703\" data-element_type=\"widget\" data-widget_type=\"text-editor.default\">\n\t\t\t\t<div class=\"elementor-widget-container\">\n\t\t\t\t\t\t\t\t\t<p>To this end, we deploy and maintain the following means:<\/p><ul><li>\u00a0 Secure access to our premises<\/li><li>\u00a0 Anti-viruses and firewalls to protect corporate servers<\/li><\/ul>\t\t\t\t\t\t\t\t<\/div>\n\t\t\t\t<\/div>\n\t\t\t\t<div class=\"elementor-element elementor-element-f94dab2 elementor-widget elementor-widget-text-editor\" data-id=\"f94dab2\" data-element_type=\"widget\" data-widget_type=\"text-editor.default\">\n\t\t\t\t<div class=\"elementor-widget-container\">\n\t\t\t\t\t\t\t\t\t<p>What purpose does your personal data serve?<\/p>\t\t\t\t\t\t\t\t<\/div>\n\t\t\t\t<\/div>\n\t\t\t\t<div class=\"elementor-element elementor-element-76bf6be elementor-widget elementor-widget-text-editor\" data-id=\"76bf6be\" data-element_type=\"widget\" data-widget_type=\"text-editor.default\">\n\t\t\t\t<div class=\"elementor-widget-container\">\n\t\t\t\t\t\t\t\t\t<p>As part of our internal operations, your data is collected to enable the administration of our employees from recruitment until contract termination through payroll management, health insurance membership and the organization of business trips.<br \/>As part of our training activities, your personal data is used to administer our training services, including issuing a price quote, registering you as a candidate, and issuing a completion certificate.<\/p><p>As part of our other activities related to the field of QHSE (auditing, consulting, technical assistance), your personal data is used for the issuance of our technical and commercial offers, the establishment of a service contract, a partnership contract, the organization of business trips and sometimes proof of compliance with a requirement during an audit.<\/p>\t\t\t\t\t\t\t\t<\/div>\n\t\t\t\t<\/div>\n\t\t\t\t<div class=\"elementor-element elementor-element-697b0e9 elementor-widget elementor-widget-text-editor\" data-id=\"697b0e9\" data-element_type=\"widget\" data-widget_type=\"text-editor.default\">\n\t\t\t\t<div class=\"elementor-widget-container\">\n\t\t\t\t\t\t\t\t\t<p>With whom do we share your personal data?<\/p>\t\t\t\t\t\t\t\t<\/div>\n\t\t\t\t<\/div>\n\t\t\t\t<div class=\"elementor-element elementor-element-f5fb095 elementor-widget elementor-widget-text-editor\" data-id=\"f5fb095\" data-element_type=\"widget\" data-widget_type=\"text-editor.default\">\n\t\t\t\t<div class=\"elementor-widget-container\">\n\t\t\t\t\t\t\t\t\t<p>As part of our regulatory obligations your data is shared with the social security authority, tax authorities, health insurers, our accounting firm, travel agencies, online booking platforms.<br \/>\u00a0<br \/>As part of our training activities your data is shared with organizations such as IOSH and NEBOSH, local administrative centers (prefectures) for driving licenses, the unemployment office (P\u00f4le Emploi).<br \/>\u00a0<br \/>As part of our activities related to the field of QHSE (audit, consulting, technical assistance), your personal data remains is restricted to internal use unless it is necessary to organize trips for our customers. <br \/>\u00a0<br \/>According the European Regulation No. 2016\/679 \/ EU of 27 April 2016 (applicable from 25 May 2018), you have the right of access, rectification, portability and erasure of your data or limiting treatment of such data. You may also, for legitimate reasons, oppose the processing of data that concerns you. You may, subject to the production of a valid proof of identity, exercise your rights by contacting qualite@aegide-international.com.<br \/>\u00a0<br \/>For further information or to issue a complaint, you can contact the National Commission for Computing and Liberties (more information on www.cnil.fr).<\/p>\t\t\t\t\t\t\t\t<\/div>\n\t\t\t\t<\/div>\n\t\t\t\t\t<\/div>\n\t\t<\/div>\n\t\t\t\t\t<\/div>\n\t\t<\/section>\n\t\t\t\t\t<\/div>\n\t\t<\/div>\n\t\t\t\t\t<\/div>\n\t\t<\/section>\n\t\t\t\t<\/div>","protected":false},"excerpt":{"rendered":"<p>L\u00c9GAL Donn\u00e9es personnelles L\u00c9GAL Aegide International s\u2019engage \u00e0 respecter et \u00e0 prot\u00e9ger vos informations personnelles. Dans le cadre de son fonctionnement interne, de ses activit\u00e9s de formation, d\u2019audit et de conseils notamment, Aegide International peut \u00eatre amen\u00e9e \u00e0 collecter ou prendre connaissance d\u2019informations consid\u00e9r\u00e9es pour certaines comme personnelles au sens du R\u00e8glement G\u00e9n\u00e9ral sur la Protection des Donn\u00e9es. https:\/\/www.cnil.fr\/fr\/reglement-europeen-protection-donnees Ces informations dites personnelles sont principalement : nom et pr\u00e9nom, adresses courriel personnelles et\/ou professionnelles, num\u00e9ros de t\u00e9l\u00e9phone, adresses postales, num\u00e9ros de carte d\u2019identit\u00e9 ou passeport, num\u00e9ro de s\u00e9curit\u00e9 sociale, num\u00e9ro de carte de programme fid\u00e9lit\u00e9 (SNCF, Air France\u2026), donn\u00e9es m\u00e9dicales g\u00e9n\u00e9ralistes (aptitudes ou restrictions), analyses et r\u00e9sultats d\u2019investigation d\u2019accident (t\u00e9moignages, types de blessures\u2026), entretiens professionnels, certificats et qualifications professionnels, cette liste n\u2019\u00e9tant pas exhaustive. Aegide International s&rsquo;engage \u00e0 respecter vos informations personnelles. A cet effet, nous appliquons les principes suivants : Aucun commerce ou diffusion arbitraire de vos donn\u00e9es personnelles, D\u00e9mat\u00e9rialisation afin de limiter et ma\u00eetriser la circulation de documents papier, Communication pr\u00e9alable de la pr\u00e9sente politique \u00e0 l\u2019ensemble de ses salari\u00e9s, Communication pr\u00e9alable de la pr\u00e9sente politique aux entreprises dans lesquelles Aegide International intervient. Elle invite, au travers de celle-ci, la Direction de l\u2019entreprise \u00e0 s\u2019assurer aupr\u00e8s de ses collaborateurs de leur accord de mise \u00e0 disposition des donn\u00e9e personnelles, Signature d\u2019un accord de confidentialit\u00e9 entre Aegide International et le consultant ou auditeur intervenant dans l\u2019entreprise, Application de r\u00e8gles de conservation des donn\u00e9es personnelles des entreprises, dans un espace s\u00e9curis\u00e9 et accessible uniquement par le consultant ou auditeur, Communication pr\u00e9alable de notre politique de protection des donn\u00e9es d\u00e9di\u00e9e \u00e0 nos actions formations lors de leur demande d\u2019inscription, Conservation de ces donn\u00e9es sur une p\u00e9riode ne pouvant exc\u00e9der 3 ans, apr\u00e8s quoi ces donn\u00e9es seront d\u00e9truites, Prise en compte de votre droit de suppression des donn\u00e9es. \u00a0 Aegide International s\u2019engage \u00e0 prot\u00e9ger vos informations personnelles, \u00e0 emp\u00eacher leur endommagement, effacement ou acc\u00e8s par des tiers non autoris\u00e9s. A cet effet, nous d\u00e9ployons et maintenons les moyens suivants : \u00a0 Acc\u00e8s s\u00e9curis\u00e9 \u00e0 nos locaux \u00a0 Acc\u00e8s informatiques s\u00e9curis\u00e9s par mots de passe, anti-virus A quoi nous servent vos donn\u00e9es personnelles ? Dans le cadre de notre fonctionnement interne, ces donn\u00e9es nous servent \u00e0 l\u2019administration du personnel au sens large depuis le recrutement d\u2019un salari\u00e9 jusqu\u2019\u00e0 la fin d\u2019un contrat en passant par la gestion de la paie, l\u2019adh\u00e9sion \u00e0 l\u2019assurance compl\u00e9mentaire sant\u00e9 mais aussi \u00e0 l\u2019organisation des d\u00e9placements professionnels.Dans le cadre de nos activit\u00e9s de formation, vos donn\u00e9es personnelles nous servent \u00e0 l\u2019administration de formation, de l\u2019\u00e9mission d\u2019un devis \u00e0 l\u2019\u00e9mission d\u2019un certificat en passant par votre inscription\u2026 Dans le cadre de nos autres activit\u00e9s li\u00e9es au domaine du QHSE (audit, conseil, assistance technique), vos donn\u00e9es personnelles nous servent \u00e0 l\u2019\u00e9mission d\u2019une offre technico-commerciale, \u00e0 l\u2019\u00e9tablissement d\u2019un contrat de prestations, d\u2019un contrat de partenariat, \u00e0 l\u2019organisation de d\u00e9placements professionnels et parfois de preuves de conformit\u00e9 \u00e0 une exigence lors d\u2019un audit \u2026 A qui sommes-nous susceptibles de transmettre vos donn\u00e9es personnelles ? Dans le cadre de notre fonctionnement interne, aux administrations sociales, fiscales, aux organismes de sant\u00e9, au cabinet d\u2019expertise comptable, aux agences de voyage, aux plateformes de r\u00e9servation en ligne.\u00a0Dans le cadre de nos activit\u00e9s de formation, aux organismes tels que IOSH et NEBOSH, aux pr\u00e9fectures pour les permis de conduire, \u00e0 P\u00f4le Emploi.\u00a0Dans le cadre de nos autres activit\u00e9s li\u00e9es au domaine du QHSE (audit, conseil, assistance technique), vos donn\u00e9es personnelles restent essentiellement en interne sauf si s\u2019il est n\u00e9cessaire d\u2019organiser des d\u00e9placements pour nos clients. \u00a0Conform\u00e9ment \u00e0 la loi \u00ab informatique et libert\u00e9s \u00bb du 6 janvier 1978 modifi\u00e9e et au R\u00e8glement europ\u00e9en n\u00b02016\/679\/UE du 27 avril 2016 (applicable d\u00e8s le 25 mai 2018), vous b\u00e9n\u00e9ficiez d\u2019un droit d\u2019acc\u00e8s, de rectification, de portabilit\u00e9 et d\u2019effacement de vos donn\u00e9es ou encore de limitation du traitement. Vous pouvez \u00e9galement, pour des motifs l\u00e9gitimes, vous opposer au traitement des donn\u00e9es vous concernant. Vous pouvez, sous r\u00e9serve de la production d\u2019un justificatif d\u2019identit\u00e9 valide, exercer vos droits en contactant qualite@aegide-international.com.\u00a0Pour toute information compl\u00e9mentaire ou r\u00e9clamation, vous pouvez contacter la Commission Nationale de l\u2019Informatique et des Libert\u00e9s (plus d\u2019informations sur www.cnil.fr).<\/p>","protected":false},"author":2,"featured_media":0,"parent":0,"menu_order":0,"comment_status":"closed","ping_status":"closed","template":"","meta":{"footnotes":""},"class_list":["post-30959","page","type-page","status-publish","hentry"],"jetpack_sharing_enabled":true,"_links":{"self":[{"href":"https:\/\/www.aegide-international.com\/en_gb\/wp-json\/wp\/v2\/pages\/30959","targetHints":{"allow":["GET"]}}],"collection":[{"href":"https:\/\/www.aegide-international.com\/en_gb\/wp-json\/wp\/v2\/pages"}],"about":[{"href":"https:\/\/www.aegide-international.com\/en_gb\/wp-json\/wp\/v2\/types\/page"}],"author":[{"embeddable":true,"href":"https:\/\/www.aegide-international.com\/en_gb\/wp-json\/wp\/v2\/users\/2"}],"replies":[{"embeddable":true,"href":"https:\/\/www.aegide-international.com\/en_gb\/wp-json\/wp\/v2\/comments?post=30959"}],"version-history":[{"count":8,"href":"https:\/\/www.aegide-international.com\/en_gb\/wp-json\/wp\/v2\/pages\/30959\/revisions"}],"predecessor-version":[{"id":38097,"href":"https:\/\/www.aegide-international.com\/en_gb\/wp-json\/wp\/v2\/pages\/30959\/revisions\/38097"}],"wp:attachment":[{"href":"https:\/\/www.aegide-international.com\/en_gb\/wp-json\/wp\/v2\/media?parent=30959"}],"curies":[{"name":"wp","href":"https:\/\/api.w.org\/{rel}","templated":true}]}}